{"id":149850,"date":"2021-09-27T11:09:28","date_gmt":"2021-09-27T09:09:28","guid":{"rendered":"https:\/\/www.devnotariato.it\/notai\/"},"modified":"2021-10-06T13:52:31","modified_gmt":"2021-10-06T13:52:31","slug":"notai","status":"publish","type":"page","link":"https:\/\/www.notariato.it\/en\/notai\/","title":{"rendered":"Notary"},"content":{"rendered":"\t\t<div data-elementor-type=\"wp-page\" data-elementor-id=\"149850\" class=\"elementor elementor-149850 elementor-106031\" data-elementor-post-type=\"page\">\n\t\t\t\t\t\t<section class=\"elementor-section elementor-top-section elementor-element elementor-element-7b31fb8 elementor-section-full_width elementor-section-height-default elementor-section-height-default\" data-id=\"7b31fb8\" data-element_type=\"section\" data-settings=\"{&quot;background_background&quot;:&quot;classic&quot;}\">\n\t\t\t\t\t\t\t<div class=\"elementor-background-overlay\"><\/div>\n\t\t\t\t\t\t\t<div class=\"elementor-container elementor-column-gap-no\">\n\t\t\t\t\t<div class=\"elementor-column elementor-col-100 elementor-top-column elementor-element elementor-element-e8c0b4e\" data-id=\"e8c0b4e\" data-element_type=\"column\">\n\t\t\t<div class=\"elementor-widget-wrap elementor-element-populated\">\n\t\t\t\t\t\t<div class=\"elementor-element elementor-element-373f374 elementor-widget elementor-widget-slider_revolution\" data-id=\"373f374\" data-element_type=\"widget\" data-widget_type=\"slider_revolution.default\">\n\t\t\t\t<div class=\"elementor-widget-container\">\n\t\t\t\r\n\t\t<div class=\"wp-block-themepunch-revslider\">\n\t\t\t<!-- START BANNER notari REVOLUTION SLIDER 6.6.15 --><p class=\"rs-p-wp-fix\"><\/p>\n\t\t\t<rs-module-wrap id=\"rev_slider_17_1_wrapper\" data-source=\"gallery\" style=\"visibility:hidden;background:transparent;padding:0;margin:0px auto;margin-top:0;margin-bottom:0;\">\n\t\t\t\t<rs-module id=\"rev_slider_17_1\" style=\"\" data-version=\"6.6.15\">\n\t\t\t\t\t<rs-slides style=\"overflow: hidden; position: absolute;\">\n\t\t\t\t\t\t<rs-slide style=\"position: absolute;\" data-key=\"rs-34\" data-title=\"Slide\" data-anim=\"adpr:false;\" data-in=\"o:0;\" data-out=\"a:false;\">\n\t\t\t\t\t\t\t<img decoding=\"async\" src=\"\/\/www.notariato.it\/wp-content\/plugins\/revslider\/public\/assets\/assets\/dummy.png\" alt=\"Slide\" title=\"Notary\" class=\"rev-slidebg tp-rs-img rs-lazyload\" data-lazyload=\"\/\/www.notariato.it\/wp-content\/plugins\/revslider\/public\/assets\/assets\/transparent.png\" data-no-retina>\n<!--\n\t\t\t\t\t\t\t--><rs-layer\n\t\t\t\t\t\t\t\tid=\"slider-17-slide-34-layer-0\" \n\t\t\t\t\t\t\t\tdata-type=\"image\"\n\t\t\t\t\t\t\t\tdata-rsp_ch=\"on\"\n\t\t\t\t\t\t\t\tdata-xy=\"x:c;y:m;yo:-70px,-70px,-70px,-25px;\"\n\t\t\t\t\t\t\t\tdata-text=\"w:normal;s:20,20,20,6;l:0,0,0,8;\"\n\t\t\t\t\t\t\t\tdata-dim=\"w:1920px,1920px,1920px,700px;h:640px,640px,640px,233px;\"\n\t\t\t\t\t\t\t\tdata-blendmode=\"overlay\"\n\t\t\t\t\t\t\t\tdata-frame_1=\"e:power4.inOut;sp:1500;\"\n\t\t\t\t\t\t\t\tdata-frame_999=\"o:0;e:none;st:w;sp:1000;sR:7500;\"\n\t\t\t\t\t\t\t\tstyle=\"z-index:8;background-color:#014482;\"\n\t\t\t\t\t\t\t><img fetchpriority=\"high\" decoding=\"async\" src=\"\/\/www.notariato.it\/wp-content\/plugins\/revslider\/public\/assets\/assets\/dummy.png\" alt=\"\" class=\"tp-rs-img rs-lazyload\" width=\"1200\" height=\"400\" data-lazyload=\"\/\/www.notariato.it\/wp-content\/uploads\/notai.jpg\" data-no-retina> \n\t\t\t\t\t\t\t<\/rs-layer><!--\n\n\t\t\t\t\t\t\t--><rs-layer\n\t\t\t\t\t\t\t\tid=\"slider-17-slide-34-layer-1\" \n\t\t\t\t\t\t\t\tdata-type=\"text\"\n\t\t\t\t\t\t\t\tdata-rsp_ch=\"on\"\n\t\t\t\t\t\t\t\tdata-xy=\"x:c;y:m;\"\n\t\t\t\t\t\t\t\tdata-text=\"w:normal;s:45;l:45,45,45,16;fw:300;a:center;\"\n\t\t\t\t\t\t\t\tdata-frame_0=\"rX:70deg;oZ:-50;\"\n\t\t\t\t\t\t\t\tdata-frame_0_chars=\"d:5;y:cyc(-100||100);o:0;\"\n\t\t\t\t\t\t\t\tdata-frame_1=\"oZ:-50;e:power4.inOut;st:190;sp:1750;sR:190;\"\n\t\t\t\t\t\t\t\tdata-frame_1_chars=\"e:power4.inOut;dir:middletoedge;d:10;\"\n\t\t\t\t\t\t\t\tdata-frame_999=\"o:0;st:w;sR:6360;\"\n\t\t\t\t\t\t\t\tstyle=\"z-index:9;font-family:'Lato';\"\n\t\t\t\t\t\t\t>THE NOTARY \n\t\t\t\t\t\t\t<\/rs-layer><!--\n-->\t\t\t\t\t\t<\/rs-slide>\n\t\t\t\t\t<\/rs-slides>\n\t\t\t\t<\/rs-module>\n\t\t\t\t<script>\n\t\t\t\t\tsetREVStartSize({c: 'rev_slider_17_1',rl:[1240,1240,1240,480],el:[200,200,200,150],gw:[1920,1920,1920,700],gh:[200,200,200,150],type:'hero',justify:'',layout:'fullwidth',mh:\"0\"});if (window.RS_MODULES!==undefined && window.RS_MODULES.modules!==undefined && window.RS_MODULES.modules[\"revslider171\"]!==undefined) {window.RS_MODULES.modules[\"revslider171\"].once = false;window.revapi17 = undefined;if (window.RS_MODULES.checkMinimal!==undefined) window.RS_MODULES.checkMinimal()}\n\t\t\t\t<\/script>\n\t\t\t<\/rs-module-wrap>\n\t\t\t<!-- END REVOLUTION SLIDER -->\n<\/div>\r\n\r\n\t\t\t\t<\/div>\n\t\t\t\t<\/div>\n\t\t\t\t\t<\/div>\n\t\t<\/div>\n\t\t\t\t\t<\/div>\n\t\t<\/section>\n\t\t\t\t<section class=\"elementor-section elementor-top-section elementor-element elementor-element-7309ad8 elementor-section-boxed elementor-section-height-default elementor-section-height-default\" data-id=\"7309ad8\" data-element_type=\"section\" data-settings=\"{&quot;background_background&quot;:&quot;classic&quot;}\">\n\t\t\t\t\t\t<div class=\"elementor-container elementor-column-gap-no\">\n\t\t\t\t\t<div class=\"elementor-column elementor-col-100 elementor-top-column elementor-element elementor-element-07ecebe\" data-id=\"07ecebe\" data-element_type=\"column\">\n\t\t\t<div class=\"elementor-widget-wrap elementor-element-populated\">\n\t\t\t\t\t\t<div class=\"elementor-element elementor-element-c5fba8a elementor-nav-menu__align-center elementor-nav-menu--stretch elementor-nav-menu__text-align-center elementor-nav-menu--dropdown-tablet elementor-nav-menu--toggle elementor-nav-menu--burger elementor-widget elementor-widget-nav-menu\" data-id=\"c5fba8a\" data-element_type=\"widget\" data-settings=\"{&quot;full_width&quot;:&quot;stretch&quot;,&quot;layout&quot;:&quot;horizontal&quot;,&quot;submenu_icon&quot;:{&quot;value&quot;:&quot;&lt;i class=\\&quot;fas fa-caret-down\\&quot;&gt;&lt;\\\/i&gt;&quot;,&quot;library&quot;:&quot;fa-solid&quot;},&quot;toggle&quot;:&quot;burger&quot;}\" data-widget_type=\"nav-menu.default\">\n\t\t\t\t<div class=\"elementor-widget-container\">\n\t\t\t\t\t\t<nav class=\"elementor-nav-menu--main elementor-nav-menu__container elementor-nav-menu--layout-horizontal e--pointer-background e--animation-fade\">\n\t\t\t\t<ul id=\"menu-1-c5fba8a\" class=\"elementor-nav-menu\"><li class=\"menu-item menu-item-type-post_type menu-item-object-notaio menu-item-has-children menu-item-155333\"><a href=\"https:\/\/www.notariato.it\/en\/notaio\/who-is-the-notary\/\" class=\"elementor-item\">Who is the notary?<\/a>\n<ul class=\"sub-menu elementor-nav-menu--dropdown\">\n\t<li class=\"menu-item menu-item-type-post_type menu-item-object-notaio menu-item-155338\"><a href=\"https:\/\/www.notariato.it\/en\/notaio\/function\/\" class=\"elementor-sub-item\">Function<\/a><\/li>\n\t<li class=\"menu-item menu-item-type-post_type menu-item-object-notaio menu-item-155339\"><a href=\"https:\/\/www.notariato.it\/en\/notaio\/responsibilities-of-the-notary\/\" class=\"elementor-sub-item\">Responsibilities of the notary<\/a><\/li>\n\t<li class=\"menu-item menu-item-type-post_type menu-item-object-notaio menu-item-174647\"><a href=\"https:\/\/www.notariato.it\/en\/notaio\/anti-money-laundering-controls\/\" class=\"elementor-sub-item\">Anti-money laundering controls<\/a><\/li>\n\t<li class=\"menu-item menu-item-type-post_type menu-item-object-notaio menu-item-155336\"><a href=\"https:\/\/www.notariato.it\/en\/notaio\/notarial-services-for-foreigners\/\" class=\"elementor-sub-item\">Notarial Services for Foreigners<\/a><\/li>\n<\/ul>\n<\/li>\n<li class=\"menu-item menu-item-type-custom menu-item-object-custom menu-item-has-children menu-item-155334\"><a class=\"elementor-item\">International<\/a>\n<ul class=\"sub-menu elementor-nav-menu--dropdown\">\n\t<li class=\"menu-item menu-item-type-post_type menu-item-object-notaio menu-item-155335\"><a href=\"https:\/\/www.notariato.it\/en\/notaio\/notaries-around-the-world\/\" class=\"elementor-sub-item\">Notaries around the world<\/a><\/li>\n<\/ul>\n<\/li>\n<li class=\"menu-item menu-item-type-post_type menu-item-object-notaio menu-item-has-children menu-item-155341\"><a href=\"https:\/\/www.notariato.it\/en\/notaio\/becoming-a-notary\/\" class=\"elementor-item\">Becoming a notary<\/a>\n<ul class=\"sub-menu elementor-nav-menu--dropdown\">\n\t<li class=\"menu-item menu-item-type-post_type menu-item-object-notaio menu-item-155342\"><a href=\"https:\/\/www.notariato.it\/en\/notaio\/apprenticeship\/\" class=\"elementor-sub-item\">Apprenticeship<\/a><\/li>\n\t<li class=\"menu-item menu-item-type-post_type menu-item-object-notaio menu-item-155343\"><a href=\"https:\/\/www.notariato.it\/en\/notaio\/notarial-schools\/\" class=\"elementor-sub-item\">Notarial schools<\/a><\/li>\n\t<li class=\"menu-item menu-item-type-post_type menu-item-object-notaio menu-item-155344\"><a href=\"https:\/\/www.notariato.it\/en\/notaio\/the-notarial-competition\/\" class=\"elementor-sub-item\">The notarial competition<\/a><\/li>\n<\/ul>\n<\/li>\n<\/ul>\t\t\t<\/nav>\n\t\t\t\t\t<div class=\"elementor-menu-toggle\" role=\"button\" tabindex=\"0\" aria-label=\"Menu Toggle\" aria-expanded=\"false\">\n\t\t\t<i aria-hidden=\"true\" role=\"presentation\" class=\"elementor-menu-toggle__icon--open eicon-menu-bar\"><\/i><i aria-hidden=\"true\" role=\"presentation\" class=\"elementor-menu-toggle__icon--close eicon-close\"><\/i>\t\t\t<span class=\"elementor-screen-only\">Menu<\/span>\n\t\t<\/div>\n\t\t\t\t\t<nav class=\"elementor-nav-menu--dropdown elementor-nav-menu__container\" aria-hidden=\"true\">\n\t\t\t\t<ul id=\"menu-2-c5fba8a\" class=\"elementor-nav-menu\"><li class=\"menu-item menu-item-type-post_type menu-item-object-notaio menu-item-has-children menu-item-155333\"><a href=\"https:\/\/www.notariato.it\/en\/notaio\/who-is-the-notary\/\" class=\"elementor-item\" tabindex=\"-1\">Who is the notary?<\/a>\n<ul class=\"sub-menu elementor-nav-menu--dropdown\">\n\t<li class=\"menu-item menu-item-type-post_type menu-item-object-notaio menu-item-155338\"><a href=\"https:\/\/www.notariato.it\/en\/notaio\/function\/\" class=\"elementor-sub-item\" tabindex=\"-1\">Function<\/a><\/li>\n\t<li class=\"menu-item menu-item-type-post_type menu-item-object-notaio menu-item-155339\"><a href=\"https:\/\/www.notariato.it\/en\/notaio\/responsibilities-of-the-notary\/\" class=\"elementor-sub-item\" tabindex=\"-1\">Responsibilities of the notary<\/a><\/li>\n\t<li class=\"menu-item menu-item-type-post_type menu-item-object-notaio menu-item-174647\"><a href=\"https:\/\/www.notariato.it\/en\/notaio\/anti-money-laundering-controls\/\" class=\"elementor-sub-item\" tabindex=\"-1\">Anti-money laundering controls<\/a><\/li>\n\t<li class=\"menu-item menu-item-type-post_type menu-item-object-notaio menu-item-155336\"><a href=\"https:\/\/www.notariato.it\/en\/notaio\/notarial-services-for-foreigners\/\" class=\"elementor-sub-item\" tabindex=\"-1\">Notarial Services for Foreigners<\/a><\/li>\n<\/ul>\n<\/li>\n<li class=\"menu-item menu-item-type-custom menu-item-object-custom menu-item-has-children menu-item-155334\"><a class=\"elementor-item\" tabindex=\"-1\">International<\/a>\n<ul class=\"sub-menu elementor-nav-menu--dropdown\">\n\t<li class=\"menu-item menu-item-type-post_type menu-item-object-notaio menu-item-155335\"><a href=\"https:\/\/www.notariato.it\/en\/notaio\/notaries-around-the-world\/\" class=\"elementor-sub-item\" tabindex=\"-1\">Notaries around the world<\/a><\/li>\n<\/ul>\n<\/li>\n<li class=\"menu-item menu-item-type-post_type menu-item-object-notaio menu-item-has-children menu-item-155341\"><a href=\"https:\/\/www.notariato.it\/en\/notaio\/becoming-a-notary\/\" class=\"elementor-item\" tabindex=\"-1\">Becoming a notary<\/a>\n<ul class=\"sub-menu elementor-nav-menu--dropdown\">\n\t<li class=\"menu-item menu-item-type-post_type menu-item-object-notaio menu-item-155342\"><a href=\"https:\/\/www.notariato.it\/en\/notaio\/apprenticeship\/\" class=\"elementor-sub-item\" tabindex=\"-1\">Apprenticeship<\/a><\/li>\n\t<li class=\"menu-item menu-item-type-post_type menu-item-object-notaio menu-item-155343\"><a href=\"https:\/\/www.notariato.it\/en\/notaio\/notarial-schools\/\" class=\"elementor-sub-item\" tabindex=\"-1\">Notarial schools<\/a><\/li>\n\t<li class=\"menu-item menu-item-type-post_type menu-item-object-notaio menu-item-155344\"><a href=\"https:\/\/www.notariato.it\/en\/notaio\/the-notarial-competition\/\" class=\"elementor-sub-item\" tabindex=\"-1\">The notarial competition<\/a><\/li>\n<\/ul>\n<\/li>\n<\/ul>\t\t\t<\/nav>\n\t\t\t\t<\/div>\n\t\t\t\t<\/div>\n\t\t\t\t\t<\/div>\n\t\t<\/div>\n\t\t\t\t\t<\/div>\n\t\t<\/section>\n\t\t\t\t<section class=\"elementor-section elementor-top-section elementor-element elementor-element-c178c7e elementor-section-boxed elementor-section-height-default elementor-section-height-default\" data-id=\"c178c7e\" data-element_type=\"section\">\n\t\t\t\t\t\t<div class=\"elementor-container elementor-column-gap-default\">\n\t\t\t\t\t<div class=\"elementor-column elementor-col-50 elementor-top-column elementor-element elementor-element-2b3da8f\" data-id=\"2b3da8f\" data-element_type=\"column\">\n\t\t\t<div class=\"elementor-widget-wrap elementor-element-populated\">\n\t\t\t\t\t\t<section class=\"elementor-section elementor-inner-section elementor-element elementor-element-5409a57 elementor-section-boxed elementor-section-height-default elementor-section-height-default\" data-id=\"5409a57\" data-element_type=\"section\">\n\t\t\t\t\t\t<div class=\"elementor-container elementor-column-gap-default\">\n\t\t\t\t\t<div class=\"elementor-column elementor-col-100 elementor-inner-column elementor-element elementor-element-5dbd1c4\" data-id=\"5dbd1c4\" data-element_type=\"column\">\n\t\t\t<div class=\"elementor-widget-wrap elementor-element-populated\">\n\t\t\t\t\t\t<div class=\"elementor-element elementor-element-2354725 elementor-position-left elementor-vertical-align-bottom iconleft elementor-view-default elementor-mobile-position-top elementor-widget elementor-widget-icon-box\" data-id=\"2354725\" data-element_type=\"widget\" data-widget_type=\"icon-box.default\">\n\t\t\t\t<div class=\"elementor-widget-container\">\n\t\t\t\t\t<div class=\"elementor-icon-box-wrapper\">\n\n\t\t\t\t\t\t<div class=\"elementor-icon-box-icon\">\n\t\t\t\t<span  class=\"elementor-icon elementor-animation-\">\n\t\t\t\t<svg xmlns=\"http:\/\/www.w3.org\/2000\/svg\" viewBox=\"0 0 41.25 43.18\"><defs><style>.cls-1{isolation:isolate;}.cls-2{fill:#1e1e1c;}.cls-3{fill:none;stroke:#077cbb;stroke-miterlimit:10;stroke-width:0.75px;}<\/style><\/defs><g id=\"Livello_2\" data-name=\"Livello 2\"><g id=\"Livello_1-2\" data-name=\"Livello 1\"><g class=\"cls-1\"><path class=\"cls-2\" d=\"M4.35,14.4a.21.21,0,0,1,.17.07L5,15a2.41,2.41,0,0,1-.89.69,3,3,0,0,1-1.26.24,3,3,0,0,1-1.19-.23,2.52,2.52,0,0,1-.9-.63,2.68,2.68,0,0,1-.57-1A3.61,3.61,0,0,1,0,12.9a3.33,3.33,0,0,1,.1-.84,3,3,0,0,1,.27-.73,2.94,2.94,0,0,1,.45-.6,2.32,2.32,0,0,1,.58-.45A2.47,2.47,0,0,1,2.11,10a3.07,3.07,0,0,1,.82-.1,4,4,0,0,1,.61,0,4,4,0,0,1,.55.16,2.55,2.55,0,0,1,.46.25,4.08,4.08,0,0,1,.39.31l-.42.57-.09.09a.24.24,0,0,1-.15,0,.32.32,0,0,1-.2-.07l-.24-.15A1.86,1.86,0,0,0,3.47,11a2,2,0,0,0-.55-.07,1.72,1.72,0,0,0-.68.14,1.66,1.66,0,0,0-.53.38,1.89,1.89,0,0,0-.34.63,2.75,2.75,0,0,0-.12.84,2.49,2.49,0,0,0,.13.85,2,2,0,0,0,.36.63,1.44,1.44,0,0,0,.54.38,1.59,1.59,0,0,0,.66.14l.37,0,.31-.07.28-.13a1.46,1.46,0,0,0,.25-.2l.1-.06Z\"><\/path><path class=\"cls-2\" d=\"M10.75,10v5.9h-.63a.43.43,0,0,1-.24,0,.47.47,0,0,1-.19-.16L6.75,11.9c0,.1,0,.19,0,.28v3.67H5.69V10h.78a.17.17,0,0,1,.1,0,.16.16,0,0,1,.08.06l.09.09,3,3.76c0-.1,0-.2,0-.3a2.53,2.53,0,0,1,0-.27V10Z\"><\/path><path class=\"cls-2\" d=\"M17,10v5.9h-.63a.43.43,0,0,1-.24,0,.47.47,0,0,1-.19-.16L13,11.9c0,.1,0,.19,0,.28a2.44,2.44,0,0,1,0,.26v3.41H12V10h.78a.19.19,0,0,1,.1,0,.16.16,0,0,1,.08.06.38.38,0,0,1,.09.09l3,3.76c0-.1,0-.2,0-.3a2.53,2.53,0,0,1,0-.27V10Z\"><\/path><\/g><path class=\"cls-3\" d=\"M2.45,42.93,41,.25\"><\/path><\/g><\/g><\/svg>\t\t\t\t<\/span>\n\t\t\t<\/div>\n\t\t\t\n\t\t\t\t\t\t<div class=\"elementor-icon-box-content\">\n\n\t\t\t\t\t\t\t\t\t<h3 class=\"elementor-icon-box-title\">\n\t\t\t\t\t\t<span  >\n\t\t\t\t\t\t\tNOTARIES\t\t\t\t\t\t<\/span>\n\t\t\t\t\t<\/h3>\n\t\t\t\t\n\t\t\t\t\n\t\t\t<\/div>\n\t\t\t\n\t\t<\/div>\n\t\t\t\t<\/div>\n\t\t\t\t<\/div>\n\t\t\t\t\t<\/div>\n\t\t<\/div>\n\t\t\t\t\t<\/div>\n\t\t<\/section>\n\t\t\t\t\t<\/div>\n\t\t<\/div>\n\t\t\t\t<div class=\"elementor-column elementor-col-50 elementor-top-column elementor-element elementor-element-8a6465e\" data-id=\"8a6465e\" data-element_type=\"column\" data-settings=\"{&quot;background_background&quot;:&quot;classic&quot;}\">\n\t\t\t<div class=\"elementor-widget-wrap elementor-element-populated\">\n\t\t\t\t\t\t<div class=\"elementor-element elementor-element-2a9a750 elementor-widget elementor-widget-text-editor\" data-id=\"2a9a750\" data-element_type=\"widget\" data-widget_type=\"text-editor.default\">\n\t\t\t\t<div class=\"elementor-widget-container\">\n\t\t\t\t\t\t\t<p class=\"p1\">Prevenire contenziosi, garantire trasparenza, indipendenza e imparzialit\u00e0, controlli di legalit\u00e0 e antiriciclaggio, furti di identit\u00e0, ipoteche, pignoramenti, prelazioni, transazioni internazionali: le funzioni del notaio sono molteplici, cos\u00ec come le sue competenze e responsabilit\u00e0. Scopriamole insieme e sfatiamo i tanti luoghi comuni della pofessione notarile.<\/p><p class=\"p1\">Conosci la Carta dei diritti del cittadino nei rapporti con il notaio? Qual \u00e8 il ruolo dei notai in Italia e nel Mondo? <br \/>Scopri la Guida del Notariato per gli stranieri. <br \/>Se vuoi diventare notaio, qui trovi tutte le informazioni: il concorso notarile, la pratica notarile, le scuole notarili.<\/p><p class=\"p1\">Cerchi un <a href=\"https:\/\/notariato.infinity.it\/it\/notaio\/trova-un-atto-notarile\/\" rel=\"nofollow noopener\" target=\"_blank\">atto notarile<\/a>? O un <a href=\"https:\/\/notariato.infinity.it\/it\/trova-notaio\/\" rel=\"nofollow noopener\" target=\"_blank\">notaio<\/a> della tua zona? Uno <a href=\"https:\/\/notariato.infinity.it\/it\/sportello-consulenza\/\" rel=\"nofollow noopener\" target=\"_blank\">sportello di consulenza<\/a>?<\/p>\t\t\t\t\t\t<\/div>\n\t\t\t\t<\/div>\n\t\t\t\t\t<\/div>\n\t\t<\/div>\n\t\t\t\t\t<\/div>\n\t\t<\/section>\n\t\t\t\t<section class=\"elementor-section elementor-top-section elementor-element elementor-element-c26ccd2 elementor-section-boxed elementor-section-height-default elementor-section-height-default\" data-id=\"c26ccd2\" data-element_type=\"section\">\n\t\t\t\t\t\t<div class=\"elementor-container elementor-column-gap-default\">\n\t\t\t\t\t<div class=\"elementor-column elementor-col-100 elementor-top-column elementor-element elementor-element-38e8396\" data-id=\"38e8396\" data-element_type=\"column\">\n\t\t\t<div class=\"elementor-widget-wrap elementor-element-populated\">\n\t\t\t\t\t\t<section class=\"elementor-section elementor-inner-section elementor-element elementor-element-e788df0 elementor-section-boxed elementor-section-height-default elementor-section-height-default\" data-id=\"e788df0\" data-element_type=\"section\">\n\t\t\t\t\t\t<div class=\"elementor-container elementor-column-gap-default\">\n\t\t\t\t\t<div class=\"elementor-column elementor-col-100 elementor-inner-column elementor-element elementor-element-58bc46e\" data-id=\"58bc46e\" data-element_type=\"column\" data-settings=\"{&quot;background_background&quot;:&quot;classic&quot;}\">\n\t\t\t<div class=\"elementor-widget-wrap\">\n\t\t\t\t\t\t\t<\/div>\n\t\t<\/div>\n\t\t\t\t\t<\/div>\n\t\t<\/section>\n\t\t\t\t\t<\/div>\n\t\t<\/div>\n\t\t\t\t\t<\/div>\n\t\t<\/section>\n\t\t\t\t<\/div>\n\t\t","protected":false},"excerpt":{"rendered":"<p>NOTARIES Prevenire contenziosi, garantire trasparenza, indipendenza e imparzialit\u00e0, controlli di legalit\u00e0 e antiriciclaggio, furti di identit\u00e0, ipoteche, pignoramenti, prelazioni, transazioni internazionali: le funzioni del notaio sono molteplici, cos\u00ec come le sue competenze e responsabilit\u00e0. Scopriamole insieme e sfatiamo i tanti luoghi comuni della pofessione notarile. Conosci la Carta dei diritti del cittadino nei rapporti con [&hellip;]<\/p>\n","protected":false},"author":1,"featured_media":0,"parent":0,"menu_order":0,"comment_status":"closed","ping_status":"closed","template":"","meta":{"footnotes":""},"class_list":["post-149850","page","type-page","status-publish","hentry"],"_links":{"self":[{"href":"https:\/\/www.notariato.it\/en\/wp-json\/wp\/v2\/pages\/149850"}],"collection":[{"href":"https:\/\/www.notariato.it\/en\/wp-json\/wp\/v2\/pages"}],"about":[{"href":"https:\/\/www.notariato.it\/en\/wp-json\/wp\/v2\/types\/page"}],"author":[{"embeddable":true,"href":"https:\/\/www.notariato.it\/en\/wp-json\/wp\/v2\/users\/1"}],"replies":[{"embeddable":true,"href":"https:\/\/www.notariato.it\/en\/wp-json\/wp\/v2\/comments?post=149850"}],"version-history":[{"count":0,"href":"https:\/\/www.notariato.it\/en\/wp-json\/wp\/v2\/pages\/149850\/revisions"}],"wp:attachment":[{"href":"https:\/\/www.notariato.it\/en\/wp-json\/wp\/v2\/media?parent=149850"}],"curies":[{"name":"wp","href":"https:\/\/api.w.org\/{rel}","templated":true}]}}