{"id":162668,"date":"2021-10-01T08:30:13","date_gmt":"2021-10-01T06:30:13","guid":{"rendered":"https:\/\/www.devnotariato.it\/trova-notaio\/"},"modified":"2021-11-02T10:16:43","modified_gmt":"2021-11-02T08:16:43","slug":"find-notary","status":"publish","type":"page","link":"https:\/\/www.notariato.it\/en\/find-notary\/","title":{"rendered":"Find Notary"},"content":{"rendered":"\t\t<div data-elementor-type=\"wp-page\" data-elementor-id=\"162668\" class=\"elementor elementor-162668 elementor-126456\" data-elementor-post-type=\"page\">\n\t\t\t\t\t\t<section class=\"elementor-section elementor-top-section elementor-element elementor-element-4342dd8 elementor-section-full_width elementor-section-height-default elementor-section-height-default\" data-id=\"4342dd8\" data-element_type=\"section\" data-settings=\"{&quot;background_background&quot;:&quot;classic&quot;}\">\n\t\t\t\t\t\t\t<div class=\"elementor-background-overlay\"><\/div>\n\t\t\t\t\t\t\t<div class=\"elementor-container elementor-column-gap-no\">\n\t\t\t\t\t<div class=\"elementor-column elementor-col-100 elementor-top-column elementor-element elementor-element-b3f50fb\" data-id=\"b3f50fb\" data-element_type=\"column\">\n\t\t\t<div class=\"elementor-widget-wrap elementor-element-populated\">\n\t\t\t\t\t\t<div class=\"elementor-element elementor-element-75b0a90 elementor-widget elementor-widget-slider_revolution\" data-id=\"75b0a90\" data-element_type=\"widget\" data-widget_type=\"slider_revolution.default\">\n\t\t\t\t<div class=\"elementor-widget-container\">\n\t\t\t\r\n\t\t<div class=\"wp-block-themepunch-revslider\">\n\t\t\t<!-- START BANNER trova notai REVOLUTION SLIDER 6.6.15 --><p class=\"rs-p-wp-fix\"><\/p>\n\t\t\t<rs-module-wrap id=\"rev_slider_22_1_wrapper\" data-source=\"gallery\" style=\"visibility:hidden;background:transparent;padding:0;margin:0px auto;margin-top:0;margin-bottom:0;\">\n\t\t\t\t<rs-module id=\"rev_slider_22_1\" style=\"\" data-version=\"6.6.15\">\n\t\t\t\t\t<rs-slides style=\"overflow: hidden; position: absolute;\">\n\t\t\t\t\t\t<rs-slide style=\"position: absolute;\" data-key=\"rs-35\" data-title=\"Slide\" data-anim=\"adpr:false;\" data-in=\"o:0;\" data-out=\"a:false;\">\n\t\t\t\t\t\t\t<img decoding=\"async\" src=\"\/\/www.notariato.it\/wp-content\/plugins\/revslider\/public\/assets\/assets\/dummy.png\" alt=\"Slide\" title=\"Find Notary\" class=\"rev-slidebg tp-rs-img rs-lazyload\" data-lazyload=\"\/\/www.notariato.it\/wp-content\/plugins\/revslider\/public\/assets\/assets\/transparent.png\" data-no-retina>\n<!--\n\t\t\t\t\t\t\t--><rs-layer\n\t\t\t\t\t\t\t\tid=\"slider-22-slide-35-layer-0\" \n\t\t\t\t\t\t\t\tdata-type=\"image\"\n\t\t\t\t\t\t\t\tdata-rsp_ch=\"on\"\n\t\t\t\t\t\t\t\tdata-xy=\"x:c;y:m;yo:-70px,-70px,-70px,-25px;\"\n\t\t\t\t\t\t\t\tdata-text=\"w:normal;s:20,20,20,6;l:0,0,0,8;\"\n\t\t\t\t\t\t\t\tdata-dim=\"w:1929px,1929px,1929px,700px;h:643px,643px,643px,233px;\"\n\t\t\t\t\t\t\t\tdata-blendmode=\"overlay\"\n\t\t\t\t\t\t\t\tdata-frame_1=\"e:power4.inOut;sp:1500;\"\n\t\t\t\t\t\t\t\tdata-frame_999=\"o:0;e:none;st:w;sp:1000;sR:7500;\"\n\t\t\t\t\t\t\t\tstyle=\"z-index:8;background-color:#014482;\"\n\t\t\t\t\t\t\t><img fetchpriority=\"high\" decoding=\"async\" src=\"\/\/www.notariato.it\/wp-content\/plugins\/revslider\/public\/assets\/assets\/dummy.png\" alt=\"\" class=\"tp-rs-img rs-lazyload\" width=\"1200\" height=\"400\" data-lazyload=\"\/\/www.notariato.it\/wp-content\/uploads\/notai.jpg\" data-no-retina> \n\t\t\t\t\t\t\t<\/rs-layer><!--\n\n\t\t\t\t\t\t\t--><rs-layer\n\t\t\t\t\t\t\t\tid=\"slider-22-slide-35-layer-1\" \n\t\t\t\t\t\t\t\tdata-type=\"text\"\n\t\t\t\t\t\t\t\tdata-rsp_ch=\"on\"\n\t\t\t\t\t\t\t\tdata-xy=\"x:c;y:m;\"\n\t\t\t\t\t\t\t\tdata-text=\"w:normal;s:45;l:45,45,45,16;fw:300;a:center;\"\n\t\t\t\t\t\t\t\tdata-frame_0=\"rX:70deg;oZ:-50;\"\n\t\t\t\t\t\t\t\tdata-frame_0_chars=\"d:5;y:cyc(-100||100);o:0;\"\n\t\t\t\t\t\t\t\tdata-frame_1=\"oZ:-50;e:power4.inOut;st:190;sp:1750;sR:190;\"\n\t\t\t\t\t\t\t\tdata-frame_1_chars=\"e:power4.inOut;dir:middletoedge;d:10;\"\n\t\t\t\t\t\t\t\tdata-frame_999=\"o:0;st:w;sR:6360;\"\n\t\t\t\t\t\t\t\tstyle=\"z-index:9;font-family:'Lato';\"\n\t\t\t\t\t\t\t>FIND NOTARY \n\t\t\t\t\t\t\t<\/rs-layer><!--\n-->\t\t\t\t\t\t<\/rs-slide>\n\t\t\t\t\t<\/rs-slides>\n\t\t\t\t<\/rs-module>\n\t\t\t\t<script>\n\t\t\t\t\tsetREVStartSize({c: 'rev_slider_22_1',rl:[1240,1240,1240,480],el:[200,200,200,150],gw:[1920,1920,1920,700],gh:[200,200,200,150],type:'hero',justify:'',layout:'fullwidth',mh:\"0\"});if (window.RS_MODULES!==undefined && window.RS_MODULES.modules!==undefined && window.RS_MODULES.modules[\"revslider221\"]!==undefined) {window.RS_MODULES.modules[\"revslider221\"].once = false;window.revapi22 = undefined;if (window.RS_MODULES.checkMinimal!==undefined) window.RS_MODULES.checkMinimal()}\n\t\t\t\t<\/script>\n\t\t\t<\/rs-module-wrap>\n\t\t\t<!-- END REVOLUTION SLIDER -->\n<\/div>\r\n\r\n\t\t\t\t<\/div>\n\t\t\t\t<\/div>\n\t\t\t\t\t<\/div>\n\t\t<\/div>\n\t\t\t\t\t<\/div>\n\t\t<\/section>\n\t\t\t\t<section class=\"elementor-section elementor-top-section elementor-element elementor-element-db2073f elementor-section-boxed elementor-section-height-default elementor-section-height-default\" data-id=\"db2073f\" data-element_type=\"section\" data-settings=\"{&quot;background_background&quot;:&quot;classic&quot;}\">\n\t\t\t\t\t\t<div class=\"elementor-container elementor-column-gap-default\">\n\t\t\t\t\t<div class=\"elementor-column elementor-col-33 elementor-top-column elementor-element elementor-element-51e9676\" data-id=\"51e9676\" data-element_type=\"column\">\n\t\t\t<div class=\"elementor-widget-wrap\">\n\t\t\t\t\t\t\t<\/div>\n\t\t<\/div>\n\t\t\t\t<div class=\"elementor-column elementor-col-33 elementor-top-column elementor-element elementor-element-79ea771\" data-id=\"79ea771\" data-element_type=\"column\" data-settings=\"{&quot;background_background&quot;:&quot;classic&quot;}\">\n\t\t\t<div class=\"elementor-widget-wrap elementor-element-populated\">\n\t\t\t\t\t\t<div class=\"elementor-element elementor-element-669299c elementor-widget elementor-widget-heading\" data-id=\"669299c\" data-element_type=\"widget\" data-widget_type=\"heading.default\">\n\t\t\t\t<div class=\"elementor-widget-container\">\n\t\t\t<h3 class=\"elementor-heading-title elementor-size-default\">SEARCH<\/h3>\t\t<\/div>\n\t\t\t\t<\/div>\n\t\t\t\t<section class=\"elementor-section elementor-inner-section elementor-element elementor-element-1a6ba5c elementor-section-boxed elementor-section-height-default elementor-section-height-default\" data-id=\"1a6ba5c\" data-element_type=\"section\">\n\t\t\t\t\t\t<div class=\"elementor-container elementor-column-gap-default\">\n\t\t\t\t\t<div class=\"elementor-column elementor-col-100 elementor-inner-column elementor-element elementor-element-9f269b6\" data-id=\"9f269b6\" data-element_type=\"column\">\n\t\t\t<div class=\"elementor-widget-wrap elementor-element-populated\">\n\t\t\t\t\t\t<div class=\"elementor-element elementor-element-e92c003 elementor-widget elementor-widget-jet-ajax-search\" data-id=\"e92c003\" data-element_type=\"widget\" data-settings=\"{&quot;results_area_columns&quot;:1}\" data-widget_type=\"jet-ajax-search.default\">\n\t\t\t\t<div class=\"elementor-widget-container\">\n\t\t\t<div class=\"elementor-jet-ajax-search jet-search\">\n\t<div class=\"jet_search_listing_grid_hidden_template\" style=\"display: none;\">\n\t\t\t<\/div>\n\n<div class=\"jet-ajax-search jet-ajax-search--mobile-skin\" data-settings=\"{&quot;symbols_for_start_searching&quot;:2,&quot;search_by_empty_value&quot;:&quot;&quot;,&quot;submit_on_enter&quot;:&quot;&quot;,&quot;search_source&quot;:[&quot;notary&quot;],&quot;search_logging&quot;:&quot;&quot;,&quot;search_results_url&quot;:&quot;&quot;,&quot;search_taxonomy&quot;:&quot;&quot;,&quot;include_terms_ids&quot;:[],&quot;exclude_terms_ids&quot;:[],&quot;exclude_posts_ids&quot;:[],&quot;custom_fields_source&quot;:&quot;wpcf-cognome-notary, wpcf-localita-notary, wpcf-regione-notary&quot;,&quot;limit_query&quot;:5,&quot;limit_query_tablet&quot;:&quot;&quot;,&quot;limit_query_mobile&quot;:&quot;&quot;,&quot;limit_query_in_result_area&quot;:25,&quot;results_order_by&quot;:&quot;relevance&quot;,&quot;results_order&quot;:&quot;asc&quot;,&quot;sentence&quot;:&quot;&quot;,&quot;search_in_taxonomy&quot;:&quot;&quot;,&quot;search_in_taxonomy_source&quot;:&quot;&quot;,&quot;results_area_width_by&quot;:&quot;form&quot;,&quot;results_area_custom_width&quot;:&quot;&quot;,&quot;results_area_custom_position&quot;:&quot;&quot;,&quot;results_area_columns&quot;:1,&quot;results_area_columns_tablet&quot;:&quot;&quot;,&quot;results_area_columns_mobile&quot;:&quot;&quot;,&quot;results_area_columns_mobile_portrait&quot;:&quot;&quot;,&quot;thumbnail_visible&quot;:&quot;&quot;,&quot;thumbnail_size&quot;:&quot;&quot;,&quot;thumbnail_placeholder&quot;:&quot;&quot;,&quot;post_content_source&quot;:&quot;content&quot;,&quot;post_content_custom_field_key&quot;:&quot;&quot;,&quot;post_content_length&quot;:30,&quot;show_product_price&quot;:&quot;&quot;,&quot;show_product_rating&quot;:&quot;&quot;,&quot;show_add_to_cart&quot;:&quot;&quot;,&quot;show_result_new_tab&quot;:&quot;&quot;,&quot;highlight_searched_text&quot;:&quot;&quot;,&quot;listing_id&quot;:&quot;&quot;,&quot;bullet_pagination&quot;:&quot;&quot;,&quot;number_pagination&quot;:&quot;&quot;,&quot;navigation_arrows&quot;:&quot;in_header&quot;,&quot;navigation_arrows_type&quot;:&quot;angle&quot;,&quot;show_title_related_meta&quot;:&quot;yes&quot;,&quot;meta_title_related_position&quot;:&quot;after&quot;,&quot;title_related_meta&quot;:[{&quot;_id&quot;:&quot;9efbdd0&quot;,&quot;meta_key&quot;:&quot;wpcf-regione-notary&quot;,&quot;meta_format&quot;:&quot;%s&quot;,&quot;date_format&quot;:null,&quot;meta_label&quot;:&quot;&quot;,&quot;meta_callback&quot;:&quot;&quot;},{&quot;_id&quot;:&quot;7cc347d&quot;,&quot;meta_key&quot;:&quot;wpcf-localita-notary&quot;,&quot;meta_format&quot;:&quot;%s&quot;,&quot;date_format&quot;:null,&quot;meta_label&quot;:&quot;&quot;,&quot;meta_callback&quot;:&quot;&quot;}],&quot;show_content_related_meta&quot;:&quot;&quot;,&quot;meta_content_related_position&quot;:&quot;&quot;,&quot;content_related_meta&quot;:&quot;&quot;,&quot;negative_search&quot;:&quot;Nessun risultato corrisponde ai criteri di ricerca&quot;,&quot;server_error&quot;:&quot;Sorry, but we cannot handle your search query now. Please, try again later!&quot;,&quot;show_search_suggestions&quot;:&quot;&quot;,&quot;search_suggestions_position&quot;:&quot;&quot;,&quot;search_suggestions_source&quot;:&quot;&quot;,&quot;search_suggestions_limits&quot;:&quot;&quot;,&quot;search_source_terms&quot;:&quot;&quot;,&quot;search_source_terms_title&quot;:&quot;&quot;,&quot;search_source_terms_icon&quot;:&quot;&quot;,&quot;search_source_terms_limit&quot;:&quot;&quot;,&quot;search_source_terms_listing_id&quot;:&quot;&quot;,&quot;search_source_terms_taxonomy&quot;:&quot;&quot;,&quot;search_source_users&quot;:&quot;&quot;,&quot;search_source_users_title&quot;:&quot;&quot;,&quot;search_source_users_icon&quot;:&quot;&quot;,&quot;search_source_users_limit&quot;:&quot;&quot;,&quot;search_source_users_listing_id&quot;:&quot;&quot;,&quot;lang&quot;:&quot;en&quot;}\">\n<form class=\"jet-ajax-search__form\" method=\"get\" action=\"https:\/\/www.notariato.it\/en\/\" role=\"search\" target=\"\">\n\t<div class=\"jet-ajax-search__fields-holder\">\n\t\t<div class=\"jet-ajax-search__field-wrapper\">\n\t\t\t<label for=\"search-input-e92c003\" class=\"screen-reader-text\">Search ...<\/label>\n\t\t\t\t\t\t<input id=\"search-input-e92c003\" class=\"jet-ajax-search__field\" type=\"search\" placeholder=\"Search by name, city, region\" value=\"\" name=\"s\" autocomplete=\"off\" \/>\n\t\t\t\t\t\t\t<input type=\"hidden\" value=\"{&quot;search_source&quot;:&quot;notary&quot;,&quot;custom_fields_source&quot;:&quot;wpcf-cognome-notary, wpcf-localita-notary, wpcf-regione-notary&quot;}\" name=\"jet_ajax_search_settings\" \/>\n\t\t\t\t\t\t\n\t\t\t\t\t<\/div>\n\t\t\t<\/div>\n\t\n<button class=\"jet-ajax-search__submit\" type=\"submit\" aria-label=\"Search submit\"><span class=\"jet-ajax-search__submit-icon jet-ajax-search-icon\"><i aria-hidden=\"true\" class=\"fas fa-search\"><\/i><\/span><span class=\"jet-ajax-search__submit-label\">Search<\/span><\/button>\n<\/form>\n\n<div class=\"jet-ajax-search__results-area\" >\n\t<div class=\"jet-ajax-search__results-holder\">\n\t\t\t\t\t<div class=\"jet-ajax-search__results-header\">\n\t\t\t\t\n<button class=\"jet-ajax-search__results-count\"><span><\/span> Risultati<\/button>\n\t\t\t\t<div class=\"jet-ajax-search__navigation-holder\"><\/div>\n\t\t\t<\/div>\n\t\t\t\t\t\t<div class=\"jet-ajax-search__results-list results-area-col-desk-1 results-area-col-tablet- results-area-col-mobile- results-area-col-mobile-portrait-1\" >\n\t\t\t\t\t\t<div class=\"jet-ajax-search__results-list-inner\"><\/div>\n\t\t\t\t\t<\/div>\n\t\t\t\t\t<div class=\"jet-ajax-search__results-footer\">\n\t\t\t\t<button class=\"jet-ajax-search__full-results\">Vedi tutti i risultati<\/button>\t\t\t\t<div class=\"jet-ajax-search__navigation-holder\"><\/div>\n\t\t\t<\/div>\n\t\t\t<\/div>\n\t<div class=\"jet-ajax-search__message\"><\/div>\n\t\n<div class=\"jet-ajax-search__spinner-holder\">\n\t<div class=\"jet-ajax-search__spinner\">\n\t\t<div class=\"rect rect-1\"><\/div>\n\t\t<div class=\"rect rect-2\"><\/div>\n\t\t<div class=\"rect rect-3\"><\/div>\n\t\t<div class=\"rect rect-4\"><\/div>\n\t\t<div class=\"rect rect-5\"><\/div>\n\t<\/div>\n<\/div>\n<\/div>\n<\/div>\n<\/div>\t\t<\/div>\n\t\t\t\t<\/div>\n\t\t\t\t\t<\/div>\n\t\t<\/div>\n\t\t\t\t\t<\/div>\n\t\t<\/section>\n\t\t\t\t\t<\/div>\n\t\t<\/div>\n\t\t\t\t<div class=\"elementor-column elementor-col-33 elementor-top-column elementor-element elementor-element-8de69f5\" data-id=\"8de69f5\" data-element_type=\"column\">\n\t\t\t<div class=\"elementor-widget-wrap\">\n\t\t\t\t\t\t\t<\/div>\n\t\t<\/div>\n\t\t\t\t\t<\/div>\n\t\t<\/section>\n\t\t\t\t<section class=\"elementor-section elementor-top-section elementor-element elementor-element-9878a78 elementor-section-boxed elementor-section-height-default elementor-section-height-default\" data-id=\"9878a78\" data-element_type=\"section\">\n\t\t\t\t\t\t<div class=\"elementor-container elementor-column-gap-default\">\n\t\t\t\t\t<div class=\"elementor-column elementor-col-100 elementor-top-column elementor-element elementor-element-a1c3fe1\" data-id=\"a1c3fe1\" data-element_type=\"column\">\n\t\t\t<div class=\"elementor-widget-wrap elementor-element-populated\">\n\t\t\t\t\t\t<div class=\"elementor-element elementor-element-ce25003 elementor-widget elementor-widget-text-editor\" data-id=\"ce25003\" data-element_type=\"widget\" data-widget_type=\"text-editor.default\">\n\t\t\t\t<div class=\"elementor-widget-container\">\n\t\t\t\t\t\t\t<p><strong>Albo Unico professionale elettronico &#8211; Articolo 3, D.P.R. 7 agosto 2012, n. 137<\/strong><\/p><p>Le informazioni degli iscritti vengono inserite nel database dagli Ordini Territoriali e dai Notai. Il CNN non pu\u00f2 effettuare variazioni e\/o aggiornamenti alle informazioni.<br \/>Tutto il materiale \u00e8 protetto da copyright. L&#8217;uso \u00e8 consentito esclusivamente per fini personali e non commerciali. \u00c8 vietato copiare, modificare, scaricare, trasmettere, pubblicare o distribuire a terzi per scopi di lucro o commerciali il contenuto dell&#8217;Albo Unico.<br \/>Costituisce illecito perseguibile l&#8217;utilizzazione dei dati degli iscritti per attivit\u00e0 di marketing o di invio di pubblicit\u00e0. Tali finalit\u00e0 sono incompatibili con gli scopi della raccolta e tenuta dei dati (<strong><a href=\"http:\/\/www.garanteprivacy.it\/web\/guest\/home\/docweb\/-\/docweb-display\/docweb\/1851415\" target=\"_blank\" rel=\"noopener nofollow\">provvedimenti del Garante per la Protezione dei dati personali.<\/a><\/strong>)<\/p>\t\t\t\t\t\t<\/div>\n\t\t\t\t<\/div>\n\t\t\t\t\t<\/div>\n\t\t<\/div>\n\t\t\t\t\t<\/div>\n\t\t<\/section>\n\t\t\t\t<section class=\"elementor-section elementor-top-section elementor-element elementor-element-4fd28d6 elementor-section-boxed elementor-section-height-default elementor-section-height-default\" data-id=\"4fd28d6\" data-element_type=\"section\">\n\t\t\t\t\t\t<div class=\"elementor-container elementor-column-gap-default\">\n\t\t\t\t\t<div class=\"elementor-column elementor-col-100 elementor-top-column elementor-element elementor-element-af1087e\" data-id=\"af1087e\" data-element_type=\"column\">\n\t\t\t<div class=\"elementor-widget-wrap elementor-element-populated\">\n\t\t\t\t\t\t<div class=\"elementor-element elementor-element-290b1aa elementor-widget-divider--view-line elementor-widget elementor-widget-divider\" data-id=\"290b1aa\" data-element_type=\"widget\" data-widget_type=\"divider.default\">\n\t\t\t\t<div class=\"elementor-widget-container\">\n\t\t\t\t\t<div class=\"elementor-divider\">\n\t\t\t<span class=\"elementor-divider-separator\">\n\t\t\t\t\t\t<\/span>\n\t\t<\/div>\n\t\t\t\t<\/div>\n\t\t\t\t<\/div>\n\t\t\t\t\t<\/div>\n\t\t<\/div>\n\t\t\t\t\t<\/div>\n\t\t<\/section>\n\t\t\t\t<\/div>\n\t\t","protected":false},"excerpt":{"rendered":"<p>SEARCH Search Risultati Vedi tutti i risultati Albo Unico professionale elettronico &#8211; Articolo 3, D.P.R. 7 agosto 2012, n. 137 Le informazioni degli iscritti vengono inserite nel database dagli Ordini Territoriali e dai Notai. Il CNN non pu\u00f2 effettuare variazioni e\/o aggiornamenti alle informazioni.Tutto il materiale \u00e8 protetto da copyright. L&#8217;uso \u00e8 consentito esclusivamente per [&hellip;]<\/p>\n","protected":false},"author":1,"featured_media":0,"parent":0,"menu_order":0,"comment_status":"closed","ping_status":"closed","template":"","meta":{"footnotes":""},"class_list":["post-162668","page","type-page","status-publish","hentry"],"_links":{"self":[{"href":"https:\/\/www.notariato.it\/en\/wp-json\/wp\/v2\/pages\/162668"}],"collection":[{"href":"https:\/\/www.notariato.it\/en\/wp-json\/wp\/v2\/pages"}],"about":[{"href":"https:\/\/www.notariato.it\/en\/wp-json\/wp\/v2\/types\/page"}],"author":[{"embeddable":true,"href":"https:\/\/www.notariato.it\/en\/wp-json\/wp\/v2\/users\/1"}],"replies":[{"embeddable":true,"href":"https:\/\/www.notariato.it\/en\/wp-json\/wp\/v2\/comments?post=162668"}],"version-history":[{"count":0,"href":"https:\/\/www.notariato.it\/en\/wp-json\/wp\/v2\/pages\/162668\/revisions"}],"wp:attachment":[{"href":"https:\/\/www.notariato.it\/en\/wp-json\/wp\/v2\/media?parent=162668"}],"curies":[{"name":"wp","href":"https:\/\/api.w.org\/{rel}","templated":true}]}}