{"id":267298,"date":"2023-06-23T12:58:18","date_gmt":"2023-06-23T10:58:18","guid":{"rendered":"https:\/\/notariato.infinity.it\/?page_id=267298"},"modified":"2023-06-23T12:58:18","modified_gmt":"2023-06-23T10:58:18","slug":"social-media-policy","status":"publish","type":"page","link":"https:\/\/www.notariato.it\/en\/social-media-policy\/","title":{"rendered":"social media policy"},"content":{"rendered":"<h3>\u00a0Termini e condizioni di utilizzo<\/h3>\n<p><strong>Chi e dove<\/strong><\/p>\n<p>Il Consiglio Nazionale del Notariato ha deciso di essere presente sui canali social (Facebook, Twitter, Youtube) per comunicare in modo diretto con i cittadini attraverso la rete.<\/p>\n<p>Questo documento definisce le linee guida (&#8220;netiquette&#8221;) per l&#8217;utilizzo dei social. Tale utilizzo avviene nel rispetto della Legge Notarile, delle altre disposizioni amministrative e delle norme di legge.<\/p>\n<p>Le pagine social del Notariato sono gestite sotto la responsabilit\u00e0 dei Consiglieri Nazionali con delega alla Comunicazione e del Direttore della Comunicazione del Consiglio Nazionale del Notariato<\/p>\n<p><strong>Contenuti<\/strong><\/p>\n<p>I profili social del Consiglio Nazionale del Notariato sono canali utili ad informare i cittadini sia a livello centrale, sia locale, circa le attivit\u00e0 istituzionali del Consiglio Nazionale e dei Consigli Distrettuali nonch\u00e9 per promuovere gli eventi e per valorizzare i contenuti scientifici prodotti dal Consiglio Nazionale.<\/p>\n<p>Non \u00e8 pertanto da considerarsi come canale di richiesta di informazioni, consulenze su casi specifici, reclami.<\/p>\n<p>I contenuti testuali, fotografie, infografiche, video e altri materiali multimediali\u00a0possono essere riprodotti liberamente, ma devono sempre essere accreditati al canale originale di riferimento.<\/p>\n<p>I commenti e i post degli utenti, che sono invitati a presentarsi sempre con nome e cognome, rappresentano l&#8217;opinione dei singoli e non quella del Consiglio Nazionale, che non pu\u00f2 essere ritenuto responsabile di ci\u00f2 che viene postato sui profili social da terzi.<\/p>\n<p>Le regole circa i processi di moderazione sono indicate nel relativo paragrafo.<\/p>\n<p><strong>Moderazione<\/strong><\/p>\n<p>I profili social del Consiglio Nazionale del Notariato sono moderati dal luned\u00ec al venerd\u00ec, dalle 8.30 alle 17.30.<\/p>\n<p>Il Notariato invita a una\u00a0conversazione educata, pertinente e rispettosa.<\/p>\n<p>Sui profili social non \u00e8 prevista alcuna possibilit\u00e0 di pubblicare post da parte di terzi, si tratta di pagine informative sui contenuti e le iniziative del Notariato.<br \/>\nTutti possono esprimere la propria libera opinione ai post pubblicati, sempre seguendo le\u00a0buone regole dell&#8217;educazione e del rispetto altrui. Saranno rimossi tempestivamente commenti e post che violino le condizioni esposte in questo documento.<\/p>\n<p>Non saranno tollerati insulti, turpiloquio, minacce o atteggiamenti che ledano la dignit\u00e0 delle persone e il decoro delle Istituzioni, i diritti delle minoranze e dei minori, i principi di libert\u00e0 e uguaglianza.<\/p>\n<p>In particolare:<br \/>\ncontenuti che promuovono, favoriscono, o perpetuano la discriminazione sulla base del sesso, della lingua, della religione, delle opinioni politiche, credo, et\u00e0, stato civile, status in relazione alla pubblica assistenza, nazionalit\u00e0, disabilit\u00e0 fisica o mentale o orientamento sessuale;<br \/>\ncontenuti sessuali o link a contenuti sessuali;<br \/>\nsollecitazioni al commercio;<br \/>\nconduzione o incoraggiamento di attivit\u00e0 illecita;<br \/>\ninformazioni che possono tendere a compromettere la sicurezza o la sicurezza dei sistemi pubblici;<br \/>\ncontenuti che violino l&#8217;interesse di una propriet\u00e0 legale o di terzi;<br \/>\ncommenti o post che presentino dati sensibili in violazione della Legge sulla privacy.<\/p>\n<p>Sono inoltre scoraggiati e comunque soggetti a moderazione commenti e contenuti dei seguenti generi:<br \/>\ncommenti non pertinenti a quel particolare argomento pubblicato (off topic);<br \/>\nlinguaggio o contenuti offensivi;<br \/>\ncommenti e i post scritti per disturbare la discussione o offendere chi gestisce e modera il canale;<br \/>\nspam;<br \/>\ninterventi inseriti ripetutamente.<br \/>\nIl Consiglio Nazionale del Notariato\u00a0si riserva il diritto di rimuovere qualsiasi contenuto che venga ritenuto in violazione di questa social media policy o di qualsiasi legge applicabile.<br \/>\nPer chi dovesse violare queste condizioni o quelle contenute nelle policy degli strumenti adottati ci si riserva il diritto di usare il ban o il blocco per impedire ulteriori interventi e di segnalare l&#8217;utente ai responsabili della piattaforma ed eventualmente alle forze dell&#8217;ordine preposte.<\/p>\n<p><strong>Privacy\u2028\u00a0<\/strong><br \/>\nSi ricorda che il trattamento dei dati personali degli utenti risponde alla policy in uso nei diversi canali social. Si rammenta che i dati sensibili postati in commenti o post pubblici all&#8217;interno sui profili del Notariato verranno rimossi (vedi sezione Moderazione). I dati condivisi dagli utenti attraverso messaggi privati spediti direttamente ai canali del Notariato saranno trattati nel rispetto delle leggi italiane sulla privacy.<\/p>\n","protected":false},"excerpt":{"rendered":"<p>\u00a0Termini e condizioni di utilizzo Chi e dove Il Consiglio Nazionale del Notariato ha deciso di essere presente sui canali social (Facebook, Twitter, Youtube) per comunicare in modo diretto con i cittadini attraverso la rete. Questo documento definisce le linee guida (&#8220;netiquette&#8221;) per l&#8217;utilizzo dei social. Tale utilizzo avviene nel rispetto della Legge Notarile, delle [&hellip;]<\/p>\n","protected":false},"author":1,"featured_media":0,"parent":0,"menu_order":0,"comment_status":"closed","ping_status":"closed","template":"","meta":{"footnotes":""},"class_list":["post-267298","page","type-page","status-publish","hentry"],"_links":{"self":[{"href":"https:\/\/www.notariato.it\/en\/wp-json\/wp\/v2\/pages\/267298"}],"collection":[{"href":"https:\/\/www.notariato.it\/en\/wp-json\/wp\/v2\/pages"}],"about":[{"href":"https:\/\/www.notariato.it\/en\/wp-json\/wp\/v2\/types\/page"}],"author":[{"embeddable":true,"href":"https:\/\/www.notariato.it\/en\/wp-json\/wp\/v2\/users\/1"}],"replies":[{"embeddable":true,"href":"https:\/\/www.notariato.it\/en\/wp-json\/wp\/v2\/comments?post=267298"}],"version-history":[{"count":0,"href":"https:\/\/www.notariato.it\/en\/wp-json\/wp\/v2\/pages\/267298\/revisions"}],"wp:attachment":[{"href":"https:\/\/www.notariato.it\/en\/wp-json\/wp\/v2\/media?parent=267298"}],"curies":[{"name":"wp","href":"https:\/\/api.w.org\/{rel}","templated":true}]}}