{"id":126456,"date":"2021-10-01T08:30:13","date_gmt":"2021-10-01T07:30:13","guid":{"rendered":"https:\/\/www.devnotariato.it\/?page_id=126456"},"modified":"2025-09-08T12:02:49","modified_gmt":"2025-09-08T10:02:49","slug":"trova-notaio","status":"publish","type":"page","link":"https:\/\/www.notariato.it\/it\/trova-notaio\/","title":{"rendered":"Trova notaio"},"content":{"rendered":"\t\t<div data-elementor-type=\"wp-page\" data-elementor-id=\"126456\" class=\"elementor elementor-126456\" data-elementor-post-type=\"page\">\n\t\t\t\t\t\t<section class=\"elementor-section elementor-top-section elementor-element elementor-element-4342dd8 elementor-section-full_width elementor-section-height-default elementor-section-height-default\" data-id=\"4342dd8\" data-element_type=\"section\" data-settings=\"{&quot;background_background&quot;:&quot;classic&quot;}\">\n\t\t\t\t\t\t\t<div class=\"elementor-background-overlay\"><\/div>\n\t\t\t\t\t\t\t<div class=\"elementor-container elementor-column-gap-no\">\n\t\t\t\t\t<div class=\"elementor-column elementor-col-100 elementor-top-column elementor-element elementor-element-b3f50fb\" data-id=\"b3f50fb\" data-element_type=\"column\">\n\t\t\t<div class=\"elementor-widget-wrap elementor-element-populated\">\n\t\t\t\t\t\t<div class=\"elementor-element elementor-element-75b0a90 elementor-widget elementor-widget-slider_revolution\" data-id=\"75b0a90\" data-element_type=\"widget\" data-widget_type=\"slider_revolution.default\">\n\t\t\t\t<div class=\"elementor-widget-container\">\n\t\t\t\r\n\t\t<div class=\"wp-block-themepunch-revslider\">\n\t\t\t<!-- START BANNER trova notai REVOLUTION SLIDER 6.6.15 --><p class=\"rs-p-wp-fix\"><\/p>\n\t\t\t<rs-module-wrap id=\"rev_slider_22_1_wrapper\" data-source=\"gallery\" style=\"visibility:hidden;background:transparent;padding:0;margin:0px auto;margin-top:0;margin-bottom:0;\">\n\t\t\t\t<rs-module id=\"rev_slider_22_1\" style=\"\" data-version=\"6.6.15\">\n\t\t\t\t\t<rs-slides style=\"overflow: hidden; position: absolute;\">\n\t\t\t\t\t\t<rs-slide style=\"position: absolute;\" data-key=\"rs-31\" data-title=\"Slide\" data-anim=\"adpr:false;\" data-in=\"o:0;\" data-out=\"a:false;\">\n\t\t\t\t\t\t\t<img decoding=\"async\" src=\"\/\/www.notariato.it\/wp-content\/plugins\/revslider\/public\/assets\/assets\/dummy.png\" alt=\"Slide\" title=\"Trova notaio\" class=\"rev-slidebg tp-rs-img rs-lazyload\" data-lazyload=\"\/\/www.notariato.it\/wp-content\/plugins\/revslider\/public\/assets\/assets\/transparent.png\" data-no-retina>\n<!--\n\t\t\t\t\t\t\t--><rs-layer\n\t\t\t\t\t\t\t\tid=\"slider-22-slide-31-layer-0\" \n\t\t\t\t\t\t\t\tdata-type=\"image\"\n\t\t\t\t\t\t\t\tdata-rsp_ch=\"on\"\n\t\t\t\t\t\t\t\tdata-xy=\"x:c;y:m;yo:-70px,-70px,-70px,-25px;\"\n\t\t\t\t\t\t\t\tdata-text=\"w:normal;s:20,20,20,6;l:0,0,0,8;\"\n\t\t\t\t\t\t\t\tdata-dim=\"w:1929px,1929px,1929px,700px;h:643px,643px,643px,233px;\"\n\t\t\t\t\t\t\t\tdata-blendmode=\"overlay\"\n\t\t\t\t\t\t\t\tdata-frame_1=\"e:power4.inOut;sp:1500;\"\n\t\t\t\t\t\t\t\tdata-frame_999=\"o:0;e:none;st:w;sp:1000;sR:7500;\"\n\t\t\t\t\t\t\t\tstyle=\"z-index:8;background-color:#014482;\"\n\t\t\t\t\t\t\t><img fetchpriority=\"high\" decoding=\"async\" src=\"\/\/www.notariato.it\/wp-content\/plugins\/revslider\/public\/assets\/assets\/dummy.png\" alt=\"\" class=\"tp-rs-img rs-lazyload\" width=\"1200\" height=\"400\" data-lazyload=\"\/\/www.notariato.it\/wp-content\/uploads\/notai.jpg\" data-no-retina> \n\t\t\t\t\t\t\t<\/rs-layer><!--\n\n\t\t\t\t\t\t\t--><rs-layer\n\t\t\t\t\t\t\t\tid=\"slider-22-slide-31-layer-1\" \n\t\t\t\t\t\t\t\tdata-type=\"text\"\n\t\t\t\t\t\t\t\tdata-rsp_ch=\"on\"\n\t\t\t\t\t\t\t\tdata-xy=\"x:c;y:m;\"\n\t\t\t\t\t\t\t\tdata-text=\"w:normal;s:45;l:45,45,45,16;fw:300;a:center;\"\n\t\t\t\t\t\t\t\tdata-frame_0=\"rX:70deg;oZ:-50;\"\n\t\t\t\t\t\t\t\tdata-frame_0_chars=\"d:5;y:cyc(-100||100);o:0;\"\n\t\t\t\t\t\t\t\tdata-frame_1=\"oZ:-50;e:power4.inOut;st:190;sp:1750;sR:190;\"\n\t\t\t\t\t\t\t\tdata-frame_1_chars=\"e:power4.inOut;dir:middletoedge;d:10;\"\n\t\t\t\t\t\t\t\tdata-frame_999=\"o:0;st:w;sR:6360;\"\n\t\t\t\t\t\t\t\tstyle=\"z-index:9;font-family:'Lato';\"\n\t\t\t\t\t\t\t>TROVA NOTAIO \n\t\t\t\t\t\t\t<\/rs-layer><!--\n-->\t\t\t\t\t\t<\/rs-slide>\n\t\t\t\t\t<\/rs-slides>\n\t\t\t\t<\/rs-module>\n\t\t\t\t<script>\n\t\t\t\t\tsetREVStartSize({c: 'rev_slider_22_1',rl:[1240,1240,1240,480],el:[200,200,200,150],gw:[1920,1920,1920,700],gh:[200,200,200,150],type:'hero',justify:'',layout:'fullwidth',mh:\"0\"});if (window.RS_MODULES!==undefined && window.RS_MODULES.modules!==undefined && window.RS_MODULES.modules[\"revslider221\"]!==undefined) {window.RS_MODULES.modules[\"revslider221\"].once = false;window.revapi22 = undefined;if (window.RS_MODULES.checkMinimal!==undefined) window.RS_MODULES.checkMinimal()}\n\t\t\t\t<\/script>\n\t\t\t<\/rs-module-wrap>\n\t\t\t<!-- END REVOLUTION SLIDER -->\n<\/div>\r\n\r\n\t\t\t\t<\/div>\n\t\t\t\t<\/div>\n\t\t\t\t\t<\/div>\n\t\t<\/div>\n\t\t\t\t\t<\/div>\n\t\t<\/section>\n\t\t\t\t<section class=\"elementor-section elementor-top-section elementor-element elementor-element-db2073f elementor-section-boxed elementor-section-height-default elementor-section-height-default\" data-id=\"db2073f\" data-element_type=\"section\" data-settings=\"{&quot;background_background&quot;:&quot;classic&quot;}\">\n\t\t\t\t\t\t<div class=\"elementor-container elementor-column-gap-default\">\n\t\t\t\t\t<div class=\"elementor-column elementor-col-33 elementor-top-column elementor-element elementor-element-51e9676\" data-id=\"51e9676\" data-element_type=\"column\">\n\t\t\t<div class=\"elementor-widget-wrap\">\n\t\t\t\t\t\t\t<\/div>\n\t\t<\/div>\n\t\t\t\t<div class=\"elementor-column elementor-col-33 elementor-top-column elementor-element elementor-element-79ea771\" data-id=\"79ea771\" data-element_type=\"column\" data-settings=\"{&quot;background_background&quot;:&quot;classic&quot;}\">\n\t\t\t<div class=\"elementor-widget-wrap elementor-element-populated\">\n\t\t\t\t\t\t<div class=\"elementor-element elementor-element-82e7bb5 elementor-hidden-desktop elementor-hidden-tablet elementor-hidden-mobile elementor-widget elementor-widget-text-editor\" data-id=\"82e7bb5\" data-element_type=\"widget\" data-widget_type=\"text-editor.default\">\n\t\t\t\t<div class=\"elementor-widget-container\">\n\t\t\t\t\t\t\t<p>Stiamo effettuando una manutenzione straordinaria, la funzionalit\u00e0 TROVA NOTAIO potr\u00e0 subire delle interruzioni. Torner\u00e0 disponibile a breve. <\/p>\t\t\t\t\t\t<\/div>\n\t\t\t\t<\/div>\n\t\t\t\t<div class=\"elementor-element elementor-element-669299c elementor-widget elementor-widget-heading\" data-id=\"669299c\" data-element_type=\"widget\" data-widget_type=\"heading.default\">\n\t\t\t\t<div class=\"elementor-widget-container\">\n\t\t\t<h3 class=\"elementor-heading-title elementor-size-default\">CERCA<\/h3>\t\t<\/div>\n\t\t\t\t<\/div>\n\t\t\t\t<div class=\"elementor-element elementor-element-979b765 elementor-widget elementor-widget-heading\" data-id=\"979b765\" data-element_type=\"widget\" data-widget_type=\"heading.default\">\n\t\t\t\t<div class=\"elementor-widget-container\">\n\t\t\t<p class=\"elementor-heading-title elementor-size-default\">Non inserire il nome del notaio<\/p>\t\t<\/div>\n\t\t\t\t<\/div>\n\t\t\t\t<section class=\"elementor-section elementor-inner-section elementor-element elementor-element-1a6ba5c elementor-section-boxed elementor-section-height-default elementor-section-height-default\" data-id=\"1a6ba5c\" data-element_type=\"section\">\n\t\t\t\t\t\t<div class=\"elementor-container elementor-column-gap-default\">\n\t\t\t\t\t<div class=\"elementor-column elementor-col-100 elementor-inner-column elementor-element elementor-element-9f269b6\" data-id=\"9f269b6\" data-element_type=\"column\">\n\t\t\t<div class=\"elementor-widget-wrap elementor-element-populated\">\n\t\t\t\t\t\t<div class=\"elementor-element elementor-element-f92ecf6 elementor-widget elementor-widget-toolset-view\" data-id=\"f92ecf6\" data-element_type=\"widget\" data-widget_type=\"toolset-view.default\">\n\t\t\t\t<div class=\"elementor-widget-container\">\n\t\t\t<form autocomplete=\"off\" action=\"https:\/\/www.notariato.it\/it\/trova-notaio-result\/\" method=\"get\" class=\"wpv-filter-form js-wpv-filter-form js-wpv-filter-form-179599 js-wpv-form-only js-wpv-dps-enabled\" data-viewnumber=\"179599\" data-targetid=\"179602\" data-viewid=\"179599\" data-viewhash=\"eyJpZCI6MTc5NTk5LCJ0YXJnZXRfaWQiOiIxNzk2MDIifQ==\" data-viewwidgetid=\"0\" data-orderby=\"\" data-order=\"\" data-orderbyas=\"\" data-orderbysecond=\"\" data-ordersecond=\"\" data-parametric=\"{&quot;query&quot;:&quot;normal&quot;,&quot;id&quot;:179599,&quot;view_id&quot;:179599,&quot;widget_id&quot;:0,&quot;view_hash&quot;:&quot;179599&quot;,&quot;action&quot;:&quot;https:\/\/www.notariato.it\/it\/trova-notaio-result\/&quot;,&quot;sort&quot;:{&quot;orderby&quot;:&quot;&quot;,&quot;order&quot;:&quot;&quot;,&quot;orderby_as&quot;:&quot;&quot;,&quot;orderby_second&quot;:&quot;&quot;,&quot;order_second&quot;:&quot;&quot;},&quot;orderby&quot;:&quot;&quot;,&quot;order&quot;:&quot;&quot;,&quot;orderby_as&quot;:&quot;&quot;,&quot;orderby_second&quot;:&quot;&quot;,&quot;order_second&quot;:&quot;&quot;,&quot;ajax_form&quot;:&quot;&quot;,&quot;ajax_results&quot;:&quot;&quot;,&quot;effect&quot;:&quot;fade&quot;,&quot;prebefore&quot;:&quot;&quot;,&quot;before&quot;:&quot;&quot;,&quot;after&quot;:&quot;&quot;,&quot;attributes&quot;:{&quot;id&quot;:179599},&quot;environment&quot;:{&quot;current_post_id&quot;:0,&quot;parent_post_id&quot;:0,&quot;parent_term_id&quot;:0,&quot;parent_user_id&quot;:0,&quot;archive&quot;:{&quot;type&quot;:&quot;&quot;,&quot;name&quot;:&quot;&quot;,&quot;data&quot;:[]}},&quot;loop&quot;:{&quot;type&quot;:&quot;&quot;,&quot;name&quot;:&quot;&quot;,&quot;data&quot;:[],&quot;id&quot;:0}}\" data-attributes=\"{&quot;id&quot;:179599}\" data-environment=\"{&quot;current_post_id&quot;:0,&quot;parent_post_id&quot;:0,&quot;parent_term_id&quot;:0,&quot;parent_user_id&quot;:0,&quot;archive&quot;:{&quot;type&quot;:&quot;&quot;,&quot;name&quot;:&quot;&quot;,&quot;data&quot;:[]}}\"><input type=\"hidden\" class=\"js-wpv-dps-filter-data js-wpv-filter-data-for-this-form\" data-action=\"https:\/\/www.notariato.it\/it\/trova-notaio-result\/\" data-page=\"1\" data-ajax=\"disable\" data-effect=\"fade\" data-ajaxprebefore=\"\" data-ajaxbefore=\"\" data-ajaxafter=\"\" \/><input class=\"wpv_view_count wpv_view_count-179599\" type=\"hidden\" name=\"wpv_view_count\" value=\"179599\" \/>\n\n<div class=\"form-group\">\n\t\n\t<input type=\"text\" id=\"wpv_control_textfield_wpv-wpcf-cognome-notary\" name=\"wpv-wpcf-cognome-notary\" value=\"\" class=\"js-wpv-filter-trigger-delayed form-control\" placeholder=\"Cognome\" \/>\n<\/div>\n<div class=\"form-group\">\n\t\n\t<input type=\"text\" id=\"wpv_control_textfield_wpv-wpcf-localita-notary\" name=\"wpv-wpcf-localita-notary\" value=\"\" class=\"js-wpv-filter-trigger-delayed form-control\" placeholder=\"Citta'\" \/>\n<\/div><div class=\"form-group\">\n\t\n\t<select id=\"wpv_control_select_wpcf-regione-notary\" name=\"wpv-wpcf-regione-notary\" class=\"js-wpv-filter-trigger form-control\"><option value=\"\" selected=\"selected\">Seleziona una regione<\/option><option value=\"Abruzzo\">Abruzzo<\/option><option value=\"Basilicata\">Basilicata<\/option><option value=\"Calabria\">Calabria<\/option><option value=\"Campania\">Campania<\/option><option value=\"Emilia-Romagna\">Emilia-Romagna<\/option><option value=\"Friuli-Venezia Giulia\">Friuli-Venezia Giulia<\/option><option value=\"Lazio\">Lazio<\/option><option value=\"Liguria\">Liguria<\/option><option value=\"Lombardia\">Lombardia<\/option><option value=\"Marche\">Marche<\/option><option value=\"Molise\">Molise<\/option><option value=\"Piemonte\">Piemonte<\/option><option value=\"Puglia\">Puglia<\/option><option value=\"Sardegna\">Sardegna<\/option><option value=\"Sicilia\">Sicilia<\/option><option value=\"Toscana\">Toscana<\/option><option value=\"Trentino-Alto Adige\/S\u00fcdtirol\">Trentino-Alto Adige\/S\u00fcdtirol<\/option><option value=\"Umbria\">Umbria<\/option><option value=\"Valle d'Aosta\/Vall\u00e9e d'Aoste\">Valle d'Aosta\/Vall\u00e9e d'Aoste<\/option><option value=\"Veneto\">Veneto<\/option><\/select>\n<\/div>\n\n<button type=\"submit\" class=\"btn-secondary wpv-submit-trigger js-wpv-submit-trigger btn\"><i class='fas fa-search'><\/i> Cerca<\/button><a href=\"\/it\/trova-notaio\" class=\"btn-secondary btn-secondary.wpv-reset-trigger\">Cancella<\/a>\n\n<span style=\"display:none\" class=\"js-wpv-dps-spinner\"><img decoding=\"async\" src=\"https:\/\/www.notariato.it\/wp-content\/plugins\/toolset-blocks\/embedded\/res\/img\/ajax-loader2.svg\" \/><\/span>\n<\/form>\t\t<\/div>\n\t\t\t\t<\/div>\n\t\t\t\t\t<\/div>\n\t\t<\/div>\n\t\t\t\t\t<\/div>\n\t\t<\/section>\n\t\t\t\t\t<\/div>\n\t\t<\/div>\n\t\t\t\t<div class=\"elementor-column elementor-col-33 elementor-top-column elementor-element elementor-element-8de69f5\" data-id=\"8de69f5\" data-element_type=\"column\">\n\t\t\t<div class=\"elementor-widget-wrap\">\n\t\t\t\t\t\t\t<\/div>\n\t\t<\/div>\n\t\t\t\t\t<\/div>\n\t\t<\/section>\n\t\t\t\t<section class=\"elementor-section elementor-top-section elementor-element elementor-element-9878a78 elementor-section-boxed elementor-section-height-default elementor-section-height-default\" data-id=\"9878a78\" data-element_type=\"section\">\n\t\t\t\t\t\t<div class=\"elementor-container elementor-column-gap-default\">\n\t\t\t\t\t<div class=\"elementor-column elementor-col-100 elementor-top-column elementor-element elementor-element-a1c3fe1\" data-id=\"a1c3fe1\" data-element_type=\"column\">\n\t\t\t<div class=\"elementor-widget-wrap elementor-element-populated\">\n\t\t\t\t\t\t<div class=\"elementor-element elementor-element-ce25003 elementor-widget elementor-widget-text-editor\" data-id=\"ce25003\" data-element_type=\"widget\" data-widget_type=\"text-editor.default\">\n\t\t\t\t<div class=\"elementor-widget-container\">\n\t\t\t\t\t\t\t<p><strong>Albo Unico professionale elettronico &#8211; Articolo 3, D.P.R. 7 agosto 2012, n. 137<\/strong><\/p><p>Le informazioni degli iscritti vengono inserite nel database dagli Ordini Territoriali e dai Notai. Il CNN non pu\u00f2 effettuare variazioni e\/o aggiornamenti alle informazioni.<br \/>Tutto il materiale \u00e8 protetto da copyright. L&#8217;uso \u00e8 consentito esclusivamente per fini personali e non commerciali. \u00c8 vietato copiare, modificare, scaricare, trasmettere, pubblicare o distribuire a terzi per scopi di lucro o commerciali il contenuto dell&#8217;Albo Unico.<br \/>Costituisce illecito perseguibile l&#8217;utilizzazione dei dati degli iscritti per attivit\u00e0 di marketing o di invio di pubblicit\u00e0. Tali finalit\u00e0 sono incompatibili con gli scopi della raccolta e tenuta dei dati (<strong><a href=\"http:\/\/www.garanteprivacy.it\/web\/guest\/home\/docweb\/-\/docweb-display\/docweb\/1851415\" target=\"_blank\" rel=\"noopener nofollow\">provvedimenti del Garante per la Protezione dei dati personali.<\/a><\/strong>)<\/p><p><strong>Informativa per il Notaio Albo Unico<\/strong><\/p><p><span style=\"font-size: 1rem;\"><a href=\"https:\/\/www.notariato.it\/wp-content\/uploads\/Informativa-sul-trattamento-dei-dati-dell_Albo-Unico-Professionale.pdf\">Clicca per visionare il documento<\/a>.<\/span><\/p>\t\t\t\t\t\t<\/div>\n\t\t\t\t<\/div>\n\t\t\t\t\t<\/div>\n\t\t<\/div>\n\t\t\t\t\t<\/div>\n\t\t<\/section>\n\t\t\t\t<\/div>\n\t\t","protected":false},"excerpt":{"rendered":"<p>Stiamo effettuando una manutenzione straordinaria, la funzionalit\u00e0 TROVA NOTAIO potr\u00e0 subire delle interruzioni. Torner\u00e0 disponibile a breve. CERCA Non inserire il nome del notaio Seleziona una regioneAbruzzoBasilicataCalabriaCampaniaEmilia-RomagnaFriuli-Venezia GiuliaLazioLiguriaLombardiaMarcheMolisePiemontePugliaSardegnaSiciliaToscanaTrentino-Alto Adige\/S\u00fcdtirolUmbriaValle d&#8217;Aosta\/Vall\u00e9e d&#8217;AosteVeneto CercaCancella This is the preview of the &#8220;cerca notaio&#8221; View. Albo Unico professionale elettronico &#8211; Articolo 3, D.P.R. 7 agosto 2012, n. 137 Le [&hellip;]<\/p>\n","protected":false},"author":1,"featured_media":0,"parent":0,"menu_order":0,"comment_status":"closed","ping_status":"closed","template":"","meta":{"footnotes":""},"class_list":["post-126456","page","type-page","status-publish","hentry"],"_links":{"self":[{"href":"https:\/\/www.notariato.it\/it\/wp-json\/wp\/v2\/pages\/126456"}],"collection":[{"href":"https:\/\/www.notariato.it\/it\/wp-json\/wp\/v2\/pages"}],"about":[{"href":"https:\/\/www.notariato.it\/it\/wp-json\/wp\/v2\/types\/page"}],"author":[{"embeddable":true,"href":"https:\/\/www.notariato.it\/it\/wp-json\/wp\/v2\/users\/1"}],"replies":[{"embeddable":true,"href":"https:\/\/www.notariato.it\/it\/wp-json\/wp\/v2\/comments?post=126456"}],"version-history":[{"count":28,"href":"https:\/\/www.notariato.it\/it\/wp-json\/wp\/v2\/pages\/126456\/revisions"}],"predecessor-version":[{"id":484268,"href":"https:\/\/www.notariato.it\/it\/wp-json\/wp\/v2\/pages\/126456\/revisions\/484268"}],"wp:attachment":[{"href":"https:\/\/www.notariato.it\/it\/wp-json\/wp\/v2\/media?parent=126456"}],"curies":[{"name":"wp","href":"https:\/\/api.w.org\/{rel}","templated":true}]}}